{"id":93,"date":"2016-08-19T12:21:37","date_gmt":"2016-08-19T12:21:37","guid":{"rendered":"http:\/\/clubdecampoelpaso.com.ar\/consorcio\/?page_id=93"},"modified":"2022-07-21T19:02:11","modified_gmt":"2022-07-21T19:02:11","slug":"autoridades","status":"publish","type":"page","link":"https:\/\/clubdecampoelpaso.com\/consorcio\/autoridades\/","title":{"rendered":"Administradores"},"content":{"rendered":"<p><a href=\"https:\/\/clubdecampoelpaso.com\/consorcio\/wp-content\/uploads\/2016\/08\/ADMINIS-12.jpg\"><img loading=\"lazy\" class=\"alignnone size-full wp-image-671\" src=\"https:\/\/clubdecampoelpaso.com\/consorcio\/wp-content\/uploads\/2016\/08\/ADMINIS-12.jpg\" alt=\"\" width=\"1980\" height=\"200\" srcset=\"https:\/\/clubdecampoelpaso.com\/consorcio\/wp-content\/uploads\/2016\/08\/ADMINIS-12.jpg 1980w, https:\/\/clubdecampoelpaso.com\/consorcio\/wp-content\/uploads\/2016\/08\/ADMINIS-12-300x30.jpg 300w, https:\/\/clubdecampoelpaso.com\/consorcio\/wp-content\/uploads\/2016\/08\/ADMINIS-12-768x78.jpg 768w, https:\/\/clubdecampoelpaso.com\/consorcio\/wp-content\/uploads\/2016\/08\/ADMINIS-12-1024x103.jpg 1024w, https:\/\/clubdecampoelpaso.com\/consorcio\/wp-content\/uploads\/2016\/08\/ADMINIS-12-696x70.jpg 696w, https:\/\/clubdecampoelpaso.com\/consorcio\/wp-content\/uploads\/2016\/08\/ADMINIS-12-1068x108.jpg 1068w\" sizes=\"(max-width: 1980px) 100vw, 1980px\" \/><\/a><\/p>\n<p>TITULO SEXTO<br \/>\n\u2013 \u00d3RGANOS DEL CONSORCIO. VIG\u00c9SIMO OCTAVO: CAP\u00cdTULO I &#8211; ADMINISTRADORES.<br \/>\nVIG\u00c9SIMO NOVENO: Conforme lo establecido en el art\u00edculo 2044 del C\u00f3digo Civil y Comercial los \u00f3rganos del Consorcio son: el Administrador, el Consejo de Propietarios y la Asamblea.<\/p>\n<p><strong>Administradores electos en la Asamblea Extraordinaria realizada el 14\/12\/2020 y en asamblea del 14\/12\/2021<\/strong><\/p>\n<p><strong>Fideleff Ricardo,<\/strong> con mandato hasta 31\/12\/2022<br \/>\n<strong>Guerechet Ma. Lucila<\/strong>, con mandato hasta 31\/12\/2023<br \/>\n<strong>Ojalvo Sergio<\/strong>, con mandato hasta 31\/12\/2024<\/p>\n","protected":false},"excerpt":{"rendered":"<p>TITULO SEXTO \u2013 \u00d3RGANOS DEL CONSORCIO. VIG\u00c9SIMO OCTAVO: CAP\u00cdTULO I &#8211; ADMINISTRADORES. VIG\u00c9SIMO NOVENO: Conforme lo establecido en el art\u00edculo 2044 del C\u00f3digo Civil y Comercial los \u00f3rganos del Consorcio son: el Administrador, el Consejo de Propietarios y la Asamblea. Administradores electos en la Asamblea Extraordinaria realizada el 14\/12\/2020 y en asamblea del 14\/12\/2021 Fideleff&#8230;<\/p>\n","protected":false},"author":5,"featured_media":0,"parent":0,"menu_order":0,"comment_status":"closed","ping_status":"closed","template":"page-right-sidebar.php","meta":[],"acf":[],"_links":{"self":[{"href":"https:\/\/clubdecampoelpaso.com\/consorcio\/wp-json\/wp\/v2\/pages\/93"}],"collection":[{"href":"https:\/\/clubdecampoelpaso.com\/consorcio\/wp-json\/wp\/v2\/pages"}],"about":[{"href":"https:\/\/clubdecampoelpaso.com\/consorcio\/wp-json\/wp\/v2\/types\/page"}],"author":[{"embeddable":true,"href":"https:\/\/clubdecampoelpaso.com\/consorcio\/wp-json\/wp\/v2\/users\/5"}],"replies":[{"embeddable":true,"href":"https:\/\/clubdecampoelpaso.com\/consorcio\/wp-json\/wp\/v2\/comments?post=93"}],"version-history":[{"count":26,"href":"https:\/\/clubdecampoelpaso.com\/consorcio\/wp-json\/wp\/v2\/pages\/93\/revisions"}],"predecessor-version":[{"id":2446,"href":"https:\/\/clubdecampoelpaso.com\/consorcio\/wp-json\/wp\/v2\/pages\/93\/revisions\/2446"}],"wp:attachment":[{"href":"https:\/\/clubdecampoelpaso.com\/consorcio\/wp-json\/wp\/v2\/media?parent=93"}],"curies":[{"name":"wp","href":"https:\/\/api.w.org\/{rel}","templated":true}]}}